{"id":1131,"date":"2025-03-04T10:58:41","date_gmt":"2025-03-04T09:58:41","guid":{"rendered":"https:\/\/www-pre.ralarsa.com\/?page_id=1131"},"modified":"2026-01-05T10:00:36","modified_gmt":"2026-01-05T09:00:36","slug":"ralarsa","status":"publish","type":"page","link":"https:\/\/www-pre.ralarsa.com\/ca\/","title":{"rendered":"Ralarsa"},"content":{"rendered":"<p><\/p>\n<h2><strong data-start=\"90\" data-end=\"144\">Especialistes en reparaci\u00f3 i substituci\u00f3 de vidres<\/strong><\/h2>\n<p>A Ralarsa fa m\u00e9s de 45 anys que oferim solucions en reparaci\u00f3 i substituci\u00f3 de vidres, amb una xarxa de m\u00e9s de 250 tallers arreu d\u2019Espanya i un equip de professionals altament qualificat.<\/p>","protected":false},"excerpt":{"rendered":"Especialistes en reparaci\u00f3 i substituci\u00f3 de vidres A Ralarsa fa m\u00e9s de 45 anys que oferim solucions en reparaci\u00f3 i substituci\u00f3 de vidres, amb una xarxa de m\u00e9s de 250 tallers arreu d\u2019Espanya i un equip de professionals altament qualificat.","protected":false},"author":1,"featured_media":3397,"parent":0,"menu_order":0,"comment_status":"closed","ping_status":"closed","template":"","meta":{"_acf_changed":false,"inline_featured_image":false,"footnotes":""},"class_list":["post-1131","page","type-page","status-publish","has-post-thumbnail","hentry"],"acf":{"display":"default","generic_slider":[{"image":3460,"title":"\u00a1Nueva promo!","content":"[:es]<h2>Escobillas gratis al reservar online<\/h2>\r\nRepara o sustituye tu luna y estrena limpiaparabrisas sin coste adicional[:]","page_link":true,"link_button":1073,"button_text":"Pide aqu\u00ed tu cita y consigue tu regalo","legal_text":"[:es]* Promoci\u00f3n v\u00e1lida solo para reservas web. No acumulable a otras ofertas. <a href=\"https:\/\/www-pre.ralarsa.com\/es\/aviso-legal\/\">Ver condiciones<\/a>.[:]"}],"promo_banner":true,"related_promo":4176},"_links":{"self":[{"href":"https:\/\/www-pre.ralarsa.com\/ca\/wp-json\/wp\/v2\/pages\/1131","targetHints":{"allow":["GET"]}}],"collection":[{"href":"https:\/\/www-pre.ralarsa.com\/ca\/wp-json\/wp\/v2\/pages"}],"about":[{"href":"https:\/\/www-pre.ralarsa.com\/ca\/wp-json\/wp\/v2\/types\/page"}],"author":[{"embeddable":true,"href":"https:\/\/www-pre.ralarsa.com\/ca\/wp-json\/wp\/v2\/users\/1"}],"replies":[{"embeddable":true,"href":"https:\/\/www-pre.ralarsa.com\/ca\/wp-json\/wp\/v2\/comments?post=1131"}],"version-history":[{"count":26,"href":"https:\/\/www-pre.ralarsa.com\/ca\/wp-json\/wp\/v2\/pages\/1131\/revisions"}],"predecessor-version":[{"id":4294,"href":"https:\/\/www-pre.ralarsa.com\/ca\/wp-json\/wp\/v2\/pages\/1131\/revisions\/4294"}],"acf:post":[{"embeddable":true,"href":"https:\/\/www-pre.ralarsa.com\/ca\/wp-json\/wp\/v2\/promos\/4176"}],"wp:featuredmedia":[{"embeddable":true,"href":"https:\/\/www-pre.ralarsa.com\/ca\/wp-json\/wp\/v2\/media\/3397"}],"wp:attachment":[{"href":"https:\/\/www-pre.ralarsa.com\/ca\/wp-json\/wp\/v2\/media?parent=1131"}],"curies":[{"name":"wp","href":"https:\/\/api.w.org\/{rel}","templated":true}]}}