{"id":1160,"date":"2025-03-04T14:10:21","date_gmt":"2025-03-04T13:10:21","guid":{"rendered":"https:\/\/www-pre.ralarsa.com\/?page_id=1160"},"modified":"2025-04-30T11:27:49","modified_gmt":"2025-04-30T10:27:49","slug":"productos-y-servicios-ralarsa","status":"publish","type":"page","link":"https:\/\/www-pre.ralarsa.com\/ca\/serveis-auto-vidre-ralarsa\/","title":{"rendered":"Serveis Ralarsa"},"content":{"rendered":"<p><\/p>\n<h3 class=\"\" data-start=\"1144\" data-end=\"1209\">Experts en llunes de vehicle amb m\u00e9s de 45 anys d\u2019experi\u00e8ncia<\/h3>\n<p class=\"\" data-start=\"1211\" data-end=\"1434\">A <strong data-start=\"1213\" data-end=\"1224\">Ralarsa<\/strong> fa m\u00e9s de quatre d\u00e8cades que oferim <strong data-start=\"1261\" data-end=\"1318\">serveis especialitzats en cristalleria de l\u2019autom\u00f2bil<\/strong>. Tenim la capacitat de treballar amb tot tipus de vehicles: <strong data-start=\"1379\" data-end=\"1433\">turismes, furgonetes, camions i vehicles agr\u00edcoles<\/strong>.<\/p>\n<p><\/p>","protected":false},"excerpt":{"rendered":"Experts en llunes de vehicle amb m\u00e9s de 45 anys d\u2019experi\u00e8ncia A Ralarsa fa m\u00e9s de quatre d\u00e8cades que oferim serveis especialitzats en cristalleria de l\u2019autom\u00f2bil. Tenim la capacitat de treballar amb tot tipus de vehicles: turismes, furgonetes, camions i vehicles agr\u00edcoles.","protected":false},"author":1,"featured_media":0,"parent":0,"menu_order":0,"comment_status":"closed","ping_status":"closed","template":"","meta":{"_acf_changed":false,"inline_featured_image":false,"footnotes":""},"class_list":["post-1160","page","type-page","status-publish","hentry"],"acf":{"display":"default","generic_slider":null,"promo_banner":false,"related_promo":null},"_links":{"self":[{"href":"https:\/\/www-pre.ralarsa.com\/ca\/wp-json\/wp\/v2\/pages\/1160","targetHints":{"allow":["GET"]}}],"collection":[{"href":"https:\/\/www-pre.ralarsa.com\/ca\/wp-json\/wp\/v2\/pages"}],"about":[{"href":"https:\/\/www-pre.ralarsa.com\/ca\/wp-json\/wp\/v2\/types\/page"}],"author":[{"embeddable":true,"href":"https:\/\/www-pre.ralarsa.com\/ca\/wp-json\/wp\/v2\/users\/1"}],"replies":[{"embeddable":true,"href":"https:\/\/www-pre.ralarsa.com\/ca\/wp-json\/wp\/v2\/comments?post=1160"}],"version-history":[{"count":7,"href":"https:\/\/www-pre.ralarsa.com\/ca\/wp-json\/wp\/v2\/pages\/1160\/revisions"}],"predecessor-version":[{"id":3608,"href":"https:\/\/www-pre.ralarsa.com\/ca\/wp-json\/wp\/v2\/pages\/1160\/revisions\/3608"}],"wp:attachment":[{"href":"https:\/\/www-pre.ralarsa.com\/ca\/wp-json\/wp\/v2\/media?parent=1160"}],"curies":[{"name":"wp","href":"https:\/\/api.w.org\/{rel}","templated":true}]}}