{"id":1173,"date":"2025-03-25T16:24:14","date_gmt":"2025-03-25T15:24:14","guid":{"rendered":"https:\/\/www-pre.ralarsa.com\/?page_id=1173"},"modified":"2025-05-26T18:17:02","modified_gmt":"2025-05-26T17:17:02","slug":"red-de-talleres","status":"publish","type":"page","link":"https:\/\/www-pre.ralarsa.com\/ca\/localitzador-de-taller\/","title":{"rendered":"Localitzador de taller"},"content":{"rendered":"<p>A Ralarsa som <strong>experts en reparaci\u00f3 i substituci\u00f3 de vidres. Busca el teu taller m\u00e9s proper<\/strong> i deixa el teu cotxe en mans de professionals, siguis on siguis.<\/p>","protected":false},"excerpt":{"rendered":"A Ralarsa som experts en reparaci\u00f3 i substituci\u00f3 de vidres. Busca el teu taller m\u00e9s proper i deixa el teu cotxe en mans de professionals, siguis on siguis.","protected":false},"author":1,"featured_media":0,"parent":0,"menu_order":0,"comment_status":"closed","ping_status":"closed","template":"templates\/finder.php","meta":{"_acf_changed":false,"inline_featured_image":false,"footnotes":""},"class_list":["post-1173","page","type-page","status-publish","hentry"],"acf":{"display":"default","generic_slider":null,"promo_banner":false,"related_promo":null},"_links":{"self":[{"href":"https:\/\/www-pre.ralarsa.com\/ca\/wp-json\/wp\/v2\/pages\/1173","targetHints":{"allow":["GET"]}}],"collection":[{"href":"https:\/\/www-pre.ralarsa.com\/ca\/wp-json\/wp\/v2\/pages"}],"about":[{"href":"https:\/\/www-pre.ralarsa.com\/ca\/wp-json\/wp\/v2\/types\/page"}],"author":[{"embeddable":true,"href":"https:\/\/www-pre.ralarsa.com\/ca\/wp-json\/wp\/v2\/users\/1"}],"replies":[{"embeddable":true,"href":"https:\/\/www-pre.ralarsa.com\/ca\/wp-json\/wp\/v2\/comments?post=1173"}],"version-history":[{"count":17,"href":"https:\/\/www-pre.ralarsa.com\/ca\/wp-json\/wp\/v2\/pages\/1173\/revisions"}],"predecessor-version":[{"id":3652,"href":"https:\/\/www-pre.ralarsa.com\/ca\/wp-json\/wp\/v2\/pages\/1173\/revisions\/3652"}],"wp:attachment":[{"href":"https:\/\/www-pre.ralarsa.com\/ca\/wp-json\/wp\/v2\/media?parent=1173"}],"curies":[{"name":"wp","href":"https:\/\/api.w.org\/{rel}","templated":true}]}}