{"id":2319,"date":"2025-03-31T20:03:34","date_gmt":"2025-03-31T19:03:34","guid":{"rendered":"https:\/\/www-pre.ralarsa.com\/?page_id=2319"},"modified":"2025-07-29T13:05:07","modified_gmt":"2025-07-29T12:05:07","slug":"reparacion-de-lunas","status":"publish","type":"page","link":"https:\/\/www-pre.ralarsa.com\/ca\/canviar-parabrisa\/","title":{"rendered":"Substituci\u00f3 de vidres"},"content":{"rendered":"<p><strong>Canviem el teu parabrisa amb rapidesa, garantia i la m\u00e0xima seguretat.<\/strong><\/p>\n<p>Si el dany al vidre del teu cotxe no es pot reparar, a Ralarsa fem la substituci\u00f3 amb total garantia, utilitzant materials de primera qualitat i t\u00e8cnics especialitzats.<\/p>","protected":false},"excerpt":{"rendered":"Canviem el teu parabrisa amb rapidesa, garantia i la m\u00e0xima seguretat. Si el dany al vidre del teu cotxe no es pot reparar, a Ralarsa fem la substituci\u00f3 amb total garantia, utilitzant materials de primera qualitat i t\u00e8cnics especialitzats.","protected":false},"author":2,"featured_media":3114,"parent":0,"menu_order":0,"comment_status":"closed","ping_status":"closed","template":"","meta":{"_acf_changed":false,"inline_featured_image":false,"footnotes":""},"class_list":["post-2319","page","type-page","status-publish","has-post-thumbnail","hentry"],"acf":{"display":"default","generic_slider":null,"promo_banner":false,"related_promo":null},"_links":{"self":[{"href":"https:\/\/www-pre.ralarsa.com\/ca\/wp-json\/wp\/v2\/pages\/2319","targetHints":{"allow":["GET"]}}],"collection":[{"href":"https:\/\/www-pre.ralarsa.com\/ca\/wp-json\/wp\/v2\/pages"}],"about":[{"href":"https:\/\/www-pre.ralarsa.com\/ca\/wp-json\/wp\/v2\/types\/page"}],"author":[{"embeddable":true,"href":"https:\/\/www-pre.ralarsa.com\/ca\/wp-json\/wp\/v2\/users\/2"}],"replies":[{"embeddable":true,"href":"https:\/\/www-pre.ralarsa.com\/ca\/wp-json\/wp\/v2\/comments?post=2319"}],"version-history":[{"count":2,"href":"https:\/\/www-pre.ralarsa.com\/ca\/wp-json\/wp\/v2\/pages\/2319\/revisions"}],"predecessor-version":[{"id":4138,"href":"https:\/\/www-pre.ralarsa.com\/ca\/wp-json\/wp\/v2\/pages\/2319\/revisions\/4138"}],"wp:featuredmedia":[{"embeddable":true,"href":"https:\/\/www-pre.ralarsa.com\/ca\/wp-json\/wp\/v2\/media\/3114"}],"wp:attachment":[{"href":"https:\/\/www-pre.ralarsa.com\/ca\/wp-json\/wp\/v2\/media?parent=2319"}],"curies":[{"name":"wp","href":"https:\/\/api.w.org\/{rel}","templated":true}]}}