{"id":2880,"date":"2025-04-02T23:52:51","date_gmt":"2025-04-02T22:52:51","guid":{"rendered":"https:\/\/www-pre.ralarsa.com\/es\/?page_id=2880"},"modified":"2025-04-08T12:52:01","modified_gmt":"2025-04-08T11:52:01","slug":"reparacion-lunas-coche","status":"publish","type":"page","link":"https:\/\/www-pre.ralarsa.com\/ca\/reparar-parabrisa-cotxe\/","title":{"rendered":"Reparaci\u00f3 de parabrisa"},"content":{"rendered":"<p>La teva seguretat comen\u00e7a per un parabrisa en perfecte estat<\/p>\n<p>A Ralarsa som experts en la reparaci\u00f3 de parabrises de cotxe amb rapidesa efic\u00e0cia i la m\u00e0xima garantia. Si has patit un petit impacte al vidre davanter del cotxe no esperis que es converteixi en una fissura<\/p>","protected":false},"excerpt":{"rendered":"La teva seguretat comen\u00e7a per un parabrisa en perfecte estat A Ralarsa som experts en la reparaci\u00f3 de parabrises de cotxe amb rapidesa efic\u00e0cia i la m\u00e0xima garantia. Si has patit un petit impacte al vidre davanter del cotxe no esperis que es converteixi en una fissura","protected":false},"author":4,"featured_media":2272,"parent":0,"menu_order":0,"comment_status":"closed","ping_status":"closed","template":"","meta":{"_acf_changed":false,"inline_featured_image":false,"footnotes":""},"class_list":["post-2880","page","type-page","status-publish","has-post-thumbnail","hentry"],"acf":{"display":"default","generic_slider":[{"image":2285,"title":"","content":"[:es]<hr \/>\r\n<p class=\"subtitle\">Reparaci\u00f3n de lunas parabrisas en 30 minutos<\/p>[:]","page_link":false,"link_button":null,"button_text":"","legal_text":""},{"image":2272,"title":"","content":"[:es]Elige tu taller m\u00e1s cercano y reserva cita[:]","page_link":false,"link_button":null,"button_text":"","legal_text":""}],"promo_banner":false,"related_promo":null},"_links":{"self":[{"href":"https:\/\/www-pre.ralarsa.com\/ca\/wp-json\/wp\/v2\/pages\/2880","targetHints":{"allow":["GET"]}}],"collection":[{"href":"https:\/\/www-pre.ralarsa.com\/ca\/wp-json\/wp\/v2\/pages"}],"about":[{"href":"https:\/\/www-pre.ralarsa.com\/ca\/wp-json\/wp\/v2\/types\/page"}],"author":[{"embeddable":true,"href":"https:\/\/www-pre.ralarsa.com\/ca\/wp-json\/wp\/v2\/users\/4"}],"replies":[{"embeddable":true,"href":"https:\/\/www-pre.ralarsa.com\/ca\/wp-json\/wp\/v2\/comments?post=2880"}],"version-history":[{"count":0,"href":"https:\/\/www-pre.ralarsa.com\/ca\/wp-json\/wp\/v2\/pages\/2880\/revisions"}],"wp:featuredmedia":[{"embeddable":true,"href":"https:\/\/www-pre.ralarsa.com\/ca\/wp-json\/wp\/v2\/media\/2272"}],"wp:attachment":[{"href":"https:\/\/www-pre.ralarsa.com\/ca\/wp-json\/wp\/v2\/media?parent=2880"}],"curies":[{"name":"wp","href":"https:\/\/api.w.org\/{rel}","templated":true}]}}