{"id":3113,"date":"2025-04-04T12:32:04","date_gmt":"2025-04-04T11:32:04","guid":{"rendered":"https:\/\/www-pre.ralarsa.com\/es\/?page_id=3113"},"modified":"2025-04-06T18:43:05","modified_gmt":"2025-04-06T17:43:05","slug":"canal-de-mediacion","status":"publish","type":"page","link":"https:\/\/www-pre.ralarsa.com\/ca\/mirls-mediadors\/","title":{"rendered":"Canal mediador"},"content":{"rendered":"<p><\/p>\n<p class=\"\" data-start=\"110\" data-end=\"235\"><strong>Ets un mediador d\u2019assegurances i gestiones sinistres de vidres? Descobreix MiRLS.com, la plataforma en l\u00ednia de Ralarsa<\/strong><\/p>\n<p class=\"\" data-start=\"237\" data-end=\"382\">Ralarsa posa a la teva disposici\u00f3 una eina professional, \u00e0gil i sense instal\u00b7lacions per gestionar sinistres de vidres de manera r\u00e0pida i efica\u00e7.<\/p>\n<p><\/p>","protected":false},"excerpt":{"rendered":"Ets un mediador d\u2019assegurances i gestiones sinistres de vidres? Descobreix MiRLS.com, la plataforma en l\u00ednia de Ralarsa Ralarsa posa a la teva disposici\u00f3 una eina professional, \u00e0gil i sense instal\u00b7lacions per gestionar sinistres de vidres de manera r\u00e0pida i efica\u00e7.","protected":false},"author":2,"featured_media":3114,"parent":0,"menu_order":0,"comment_status":"closed","ping_status":"closed","template":"","meta":{"_acf_changed":false,"inline_featured_image":false,"footnotes":""},"class_list":["post-3113","page","type-page","status-publish","has-post-thumbnail","hentry"],"acf":{"display":"default","generic_slider":null,"promo_banner":false,"related_promo":null},"_links":{"self":[{"href":"https:\/\/www-pre.ralarsa.com\/ca\/wp-json\/wp\/v2\/pages\/3113","targetHints":{"allow":["GET"]}}],"collection":[{"href":"https:\/\/www-pre.ralarsa.com\/ca\/wp-json\/wp\/v2\/pages"}],"about":[{"href":"https:\/\/www-pre.ralarsa.com\/ca\/wp-json\/wp\/v2\/types\/page"}],"author":[{"embeddable":true,"href":"https:\/\/www-pre.ralarsa.com\/ca\/wp-json\/wp\/v2\/users\/2"}],"replies":[{"embeddable":true,"href":"https:\/\/www-pre.ralarsa.com\/ca\/wp-json\/wp\/v2\/comments?post=3113"}],"version-history":[{"count":0,"href":"https:\/\/www-pre.ralarsa.com\/ca\/wp-json\/wp\/v2\/pages\/3113\/revisions"}],"wp:featuredmedia":[{"embeddable":true,"href":"https:\/\/www-pre.ralarsa.com\/ca\/wp-json\/wp\/v2\/media\/3114"}],"wp:attachment":[{"href":"https:\/\/www-pre.ralarsa.com\/ca\/wp-json\/wp\/v2\/media?parent=3113"}],"curies":[{"name":"wp","href":"https:\/\/api.w.org\/{rel}","templated":true}]}}