{"id":1126,"date":"2025-03-04T18:59:05","date_gmt":"2025-03-04T17:59:05","guid":{"rendered":"https:\/\/www-pre.ralarsa.com\/?page_id=1126"},"modified":"2025-04-07T17:06:16","modified_gmt":"2025-04-07T16:06:16","slug":"aseguradoras","status":"publish","type":"page","link":"https:\/\/www-pre.ralarsa.com\/es\/aseguradoras-lunas-coche\/","title":{"rendered":"Aseguradoras lunas coche"},"content":{"rendered":"<p><\/p>\n<h3 class=\"\" data-start=\"152\" data-end=\"205\">Trabajamos con tu aseguradora, sin complicaciones<\/h3>\n<p class=\"\" data-start=\"207\" data-end=\"350\">En <strong data-start=\"210\" data-end=\"274\">Ralarsa colaboramos con las principales compa\u00f1\u00edas de seguros<\/strong> para que reparar o sustituir una luna sea r\u00e1pido y sin molestias para ti.<\/p>\n<p><\/p>","protected":false},"excerpt":{"rendered":"Trabajamos con tu aseguradora, sin complicaciones En Ralarsa colaboramos con las principales compa\u00f1\u00edas de seguros para que reparar o sustituir una luna sea r\u00e1pido y sin molestias para ti.","protected":false},"author":1,"featured_media":2522,"parent":0,"menu_order":0,"comment_status":"closed","ping_status":"closed","template":"templates\/all-insurances.php","meta":{"_acf_changed":false,"inline_featured_image":false,"footnotes":""},"class_list":["post-1126","page","type-page","status-publish","has-post-thumbnail","hentry"],"acf":[],"_links":{"self":[{"href":"https:\/\/www-pre.ralarsa.com\/es\/wp-json\/wp\/v2\/pages\/1126","targetHints":{"allow":["GET"]}}],"collection":[{"href":"https:\/\/www-pre.ralarsa.com\/es\/wp-json\/wp\/v2\/pages"}],"about":[{"href":"https:\/\/www-pre.ralarsa.com\/es\/wp-json\/wp\/v2\/types\/page"}],"author":[{"embeddable":true,"href":"https:\/\/www-pre.ralarsa.com\/es\/wp-json\/wp\/v2\/users\/1"}],"replies":[{"embeddable":true,"href":"https:\/\/www-pre.ralarsa.com\/es\/wp-json\/wp\/v2\/comments?post=1126"}],"version-history":[{"count":0,"href":"https:\/\/www-pre.ralarsa.com\/es\/wp-json\/wp\/v2\/pages\/1126\/revisions"}],"wp:featuredmedia":[{"embeddable":true,"href":"https:\/\/www-pre.ralarsa.com\/es\/wp-json\/wp\/v2\/media\/2522"}],"wp:attachment":[{"href":"https:\/\/www-pre.ralarsa.com\/es\/wp-json\/wp\/v2\/media?parent=1126"}],"curies":[{"name":"wp","href":"https:\/\/api.w.org\/{rel}","templated":true}]}}