{"id":1160,"date":"2025-03-04T14:10:21","date_gmt":"2025-03-04T13:10:21","guid":{"rendered":"https:\/\/www-pre.ralarsa.com\/?page_id=1160"},"modified":"2025-04-30T11:27:49","modified_gmt":"2025-04-30T10:27:49","slug":"productos-y-servicios-ralarsa","status":"publish","type":"page","link":"https:\/\/www-pre.ralarsa.com\/es\/servicios-auto-cristal-ralarsa\/","title":{"rendered":"Servicios Ralarsa"},"content":{"rendered":"<p><\/p>\n<h3 class=\"\" data-start=\"160\" data-end=\"228\">Expertos en lunas de autom\u00f3vil con m\u00e1s de 45 a\u00f1os de experiencia<\/h3>\n<p class=\"\" data-start=\"230\" data-end=\"475\">En <strong data-start=\"233\" data-end=\"244\">Ralarsa<\/strong> llevamos m\u00e1s de cuatro d\u00e9cadas ofreciendo <strong data-start=\"287\" data-end=\"344\">servicios especializados en cristaler\u00eda del autom\u00f3vil<\/strong>. Nuestra experiencia nos permite dar respuesta a todo tipo de veh\u00edculos: <strong data-start=\"418\" data-end=\"474\">turismos, furgonetas, camiones y veh\u00edculos agr\u00edcolas<\/strong>.<\/p>\n<p><\/p>","protected":false},"excerpt":{"rendered":"Expertos en lunas de autom\u00f3vil con m\u00e1s de 45 a\u00f1os de experiencia En Ralarsa llevamos m\u00e1s de cuatro d\u00e9cadas ofreciendo servicios especializados en cristaler\u00eda del autom\u00f3vil. Nuestra experiencia nos permite dar respuesta a todo tipo de veh\u00edculos: turismos, furgonetas, camiones y veh\u00edculos agr\u00edcolas.","protected":false},"author":1,"featured_media":0,"parent":0,"menu_order":0,"comment_status":"closed","ping_status":"closed","template":"","meta":{"_acf_changed":false,"inline_featured_image":false,"footnotes":""},"class_list":["post-1160","page","type-page","status-publish","hentry"],"acf":{"display":"default","generic_slider":null,"promo_banner":false,"related_promo":null},"_links":{"self":[{"href":"https:\/\/www-pre.ralarsa.com\/es\/wp-json\/wp\/v2\/pages\/1160","targetHints":{"allow":["GET"]}}],"collection":[{"href":"https:\/\/www-pre.ralarsa.com\/es\/wp-json\/wp\/v2\/pages"}],"about":[{"href":"https:\/\/www-pre.ralarsa.com\/es\/wp-json\/wp\/v2\/types\/page"}],"author":[{"embeddable":true,"href":"https:\/\/www-pre.ralarsa.com\/es\/wp-json\/wp\/v2\/users\/1"}],"replies":[{"embeddable":true,"href":"https:\/\/www-pre.ralarsa.com\/es\/wp-json\/wp\/v2\/comments?post=1160"}],"version-history":[{"count":7,"href":"https:\/\/www-pre.ralarsa.com\/es\/wp-json\/wp\/v2\/pages\/1160\/revisions"}],"predecessor-version":[{"id":3608,"href":"https:\/\/www-pre.ralarsa.com\/es\/wp-json\/wp\/v2\/pages\/1160\/revisions\/3608"}],"wp:attachment":[{"href":"https:\/\/www-pre.ralarsa.com\/es\/wp-json\/wp\/v2\/media?parent=1160"}],"curies":[{"name":"wp","href":"https:\/\/api.w.org\/{rel}","templated":true}]}}