{"id":2319,"date":"2025-03-31T20:03:34","date_gmt":"2025-03-31T19:03:34","guid":{"rendered":"https:\/\/www-pre.ralarsa.com\/?page_id=2319"},"modified":"2025-07-29T13:05:07","modified_gmt":"2025-07-29T12:05:07","slug":"reparacion-de-lunas","status":"publish","type":"page","link":"https:\/\/www-pre.ralarsa.com\/es\/cambio-luna-del-coche\/","title":{"rendered":"Sustituci\u00f3n de lunas"},"content":{"rendered":"<p><\/p>\n<p data-pm-slice=\"1 1 []\"><strong>Cambiamos tu parabrisas con rapidez, garant\u00eda y la m\u00e1xima seguridad.<\/strong><\/p>\n<p>Si el da\u00f1o en el cristal de tu coche no puede repararse, en Ralarsa realizamos la sustituci\u00f3n de lunas con total garant\u00eda, utilizando materiales de primera calidad y t\u00e9cnicos especializados.<\/p>","protected":false},"excerpt":{"rendered":"Cambiamos tu parabrisas con rapidez, garant\u00eda y la m\u00e1xima seguridad. Si el da\u00f1o en el cristal de tu coche no puede repararse, en Ralarsa realizamos la sustituci\u00f3n de lunas con total garant\u00eda, utilizando materiales de primera calidad y t\u00e9cnicos especializados.","protected":false},"author":2,"featured_media":3114,"parent":0,"menu_order":0,"comment_status":"closed","ping_status":"closed","template":"","meta":{"_acf_changed":false,"inline_featured_image":false,"footnotes":""},"class_list":["post-2319","page","type-page","status-publish","has-post-thumbnail","hentry"],"acf":{"display":"default","generic_slider":null,"promo_banner":false,"related_promo":null},"_links":{"self":[{"href":"https:\/\/www-pre.ralarsa.com\/es\/wp-json\/wp\/v2\/pages\/2319","targetHints":{"allow":["GET"]}}],"collection":[{"href":"https:\/\/www-pre.ralarsa.com\/es\/wp-json\/wp\/v2\/pages"}],"about":[{"href":"https:\/\/www-pre.ralarsa.com\/es\/wp-json\/wp\/v2\/types\/page"}],"author":[{"embeddable":true,"href":"https:\/\/www-pre.ralarsa.com\/es\/wp-json\/wp\/v2\/users\/2"}],"replies":[{"embeddable":true,"href":"https:\/\/www-pre.ralarsa.com\/es\/wp-json\/wp\/v2\/comments?post=2319"}],"version-history":[{"count":2,"href":"https:\/\/www-pre.ralarsa.com\/es\/wp-json\/wp\/v2\/pages\/2319\/revisions"}],"predecessor-version":[{"id":4138,"href":"https:\/\/www-pre.ralarsa.com\/es\/wp-json\/wp\/v2\/pages\/2319\/revisions\/4138"}],"wp:featuredmedia":[{"embeddable":true,"href":"https:\/\/www-pre.ralarsa.com\/es\/wp-json\/wp\/v2\/media\/3114"}],"wp:attachment":[{"href":"https:\/\/www-pre.ralarsa.com\/es\/wp-json\/wp\/v2\/media?parent=2319"}],"curies":[{"name":"wp","href":"https:\/\/api.w.org\/{rel}","templated":true}]}}