{"id":2775,"date":"2025-04-02T10:11:45","date_gmt":"2025-04-02T09:11:45","guid":{"rendered":"https:\/\/www-pre.ralarsa.com\/?page_id=2775"},"modified":"2025-05-21T11:50:50","modified_gmt":"2025-05-21T10:50:50","slug":"la-empresa","status":"publish","type":"page","link":"https:\/\/www-pre.ralarsa.com\/es\/auto-cristal-ralarsa\/","title":{"rendered":"Historia y evoluci\u00f3n de Ralarsa"},"content":{"rendered":"<p>Con m\u00e1s de 45 a\u00f1os en el sector de la reparaci\u00f3n y sustituci\u00f3n de lunas de autom\u00f3vil, fuimos pioneros en la creaci\u00f3n de la <strong>primera red de talleres especializada en cristaler\u00eda del autom\u00f3vil<\/strong>, modernizando el sector hasta lo que conocemos hoy en d\u00eda.<\/p>","protected":false},"excerpt":{"rendered":"Con m\u00e1s de 45 a\u00f1os en el sector de la reparaci\u00f3n y sustituci\u00f3n de lunas de autom\u00f3vil, fuimos pioneros en la creaci\u00f3n de la primera red de talleres especializada en cristaler\u00eda del autom\u00f3vil, modernizando el sector hasta lo que conocemos hoy en d\u00eda.","protected":false},"author":2,"featured_media":3182,"parent":0,"menu_order":0,"comment_status":"closed","ping_status":"closed","template":"","meta":{"_acf_changed":false,"inline_featured_image":false,"footnotes":""},"class_list":["post-2775","page","type-page","status-publish","has-post-thumbnail","hentry"],"acf":{"display":"default","generic_slider":null,"promo_banner":false,"related_promo":null},"_links":{"self":[{"href":"https:\/\/www-pre.ralarsa.com\/es\/wp-json\/wp\/v2\/pages\/2775","targetHints":{"allow":["GET"]}}],"collection":[{"href":"https:\/\/www-pre.ralarsa.com\/es\/wp-json\/wp\/v2\/pages"}],"about":[{"href":"https:\/\/www-pre.ralarsa.com\/es\/wp-json\/wp\/v2\/types\/page"}],"author":[{"embeddable":true,"href":"https:\/\/www-pre.ralarsa.com\/es\/wp-json\/wp\/v2\/users\/2"}],"replies":[{"embeddable":true,"href":"https:\/\/www-pre.ralarsa.com\/es\/wp-json\/wp\/v2\/comments?post=2775"}],"version-history":[{"count":1,"href":"https:\/\/www-pre.ralarsa.com\/es\/wp-json\/wp\/v2\/pages\/2775\/revisions"}],"predecessor-version":[{"id":3635,"href":"https:\/\/www-pre.ralarsa.com\/es\/wp-json\/wp\/v2\/pages\/2775\/revisions\/3635"}],"wp:featuredmedia":[{"embeddable":true,"href":"https:\/\/www-pre.ralarsa.com\/es\/wp-json\/wp\/v2\/media\/3182"}],"wp:attachment":[{"href":"https:\/\/www-pre.ralarsa.com\/es\/wp-json\/wp\/v2\/media?parent=2775"}],"curies":[{"name":"wp","href":"https:\/\/api.w.org\/{rel}","templated":true}]}}