{"id":2780,"date":"2025-04-02T10:13:56","date_gmt":"2025-04-02T09:13:56","guid":{"rendered":"https:\/\/www-pre.ralarsa.com\/?page_id=2780"},"modified":"2025-04-07T16:37:44","modified_gmt":"2025-04-07T15:37:44","slug":"franquicias","status":"publish","type":"page","link":"https:\/\/www-pre.ralarsa.com\/es\/franquicias-rentables\/","title":{"rendered":"Franquicias"},"content":{"rendered":"<p><\/p>\n<h3 class=\"\" data-start=\"107\" data-end=\"148\">\u00danete a la red de franquicias Ralarsa<\/h3>\n<p class=\"\" data-start=\"150\" data-end=\"399\">Forma parte de una <strong data-start=\"169\" data-end=\"213\">marca l\u00edder en cristaler\u00eda del autom\u00f3vil<\/strong> con m\u00e1s de 45 a\u00f1os de experiencia y presencia en toda Espa\u00f1a. Convi\u00e9rtete en franquiciado Ralarsa y accede a un <strong data-start=\"326\" data-end=\"398\">modelo de negocio probado, formaci\u00f3n especializada y apoyo constante<\/strong>.<\/p>\n<p><\/p>","protected":false},"excerpt":{"rendered":"\u00danete a la red de franquicias Ralarsa Forma parte de una marca l\u00edder en cristaler\u00eda del autom\u00f3vil con m\u00e1s de 45 a\u00f1os de experiencia y presencia en toda Espa\u00f1a. Convi\u00e9rtete en franquiciado Ralarsa y accede a un modelo de negocio probado, formaci\u00f3n especializada y apoyo constante.","protected":false},"author":2,"featured_media":2996,"parent":0,"menu_order":0,"comment_status":"closed","ping_status":"closed","template":"","meta":{"_acf_changed":false,"inline_featured_image":false,"footnotes":""},"class_list":["post-2780","page","type-page","status-publish","has-post-thumbnail","hentry"],"acf":{"display":"default","generic_slider":[{"image":2996,"title":"","content":"[:es]<h2>\u00bfCumple usted con el siguiente perfil?<\/h2>[:]","page_link":false,"link_button":null,"button_text":"","legal_text":""}],"promo_banner":false,"related_promo":null},"_links":{"self":[{"href":"https:\/\/www-pre.ralarsa.com\/es\/wp-json\/wp\/v2\/pages\/2780","targetHints":{"allow":["GET"]}}],"collection":[{"href":"https:\/\/www-pre.ralarsa.com\/es\/wp-json\/wp\/v2\/pages"}],"about":[{"href":"https:\/\/www-pre.ralarsa.com\/es\/wp-json\/wp\/v2\/types\/page"}],"author":[{"embeddable":true,"href":"https:\/\/www-pre.ralarsa.com\/es\/wp-json\/wp\/v2\/users\/2"}],"replies":[{"embeddable":true,"href":"https:\/\/www-pre.ralarsa.com\/es\/wp-json\/wp\/v2\/comments?post=2780"}],"version-history":[{"count":0,"href":"https:\/\/www-pre.ralarsa.com\/es\/wp-json\/wp\/v2\/pages\/2780\/revisions"}],"wp:featuredmedia":[{"embeddable":true,"href":"https:\/\/www-pre.ralarsa.com\/es\/wp-json\/wp\/v2\/media\/2996"}],"wp:attachment":[{"href":"https:\/\/www-pre.ralarsa.com\/es\/wp-json\/wp\/v2\/media?parent=2780"}],"curies":[{"name":"wp","href":"https:\/\/api.w.org\/{rel}","templated":true}]}}